{"id":1555,"date":"2024-11-07T07:48:09","date_gmt":"2024-11-07T05:48:09","guid":{"rendered":"https:\/\/barbaragiraco.com\/?page_id=1555"},"modified":"2024-11-07T08:24:24","modified_gmt":"2024-11-07T06:24:24","slug":"bloc","status":"publish","type":"page","link":"https:\/\/barbaragiraco.com\/ca\/bloc\/","title":{"rendered":"Blog"},"content":{"rendered":"<div data-elementor-type=\"wp-page\" data-elementor-id=\"1555\" class=\"elementor elementor-1555\" data-elementor-post-type=\"page\">\n\t\t\t\t<div class=\"elementor-element elementor-element-3be4409 e-flex e-con-boxed e-con e-parent\" data-id=\"3be4409\" data-element_type=\"container\" data-e-type=\"container\">\n\t\t\t\t\t<div class=\"e-con-inner\">\n\t\t<div class=\"elementor-element elementor-element-a5bcfc1 e-flex e-con-boxed e-con e-child\" data-id=\"a5bcfc1\" data-element_type=\"container\" data-e-type=\"container\" data-settings=\"{&quot;background_background&quot;:&quot;classic&quot;}\">\n\t\t\t\t\t<div class=\"e-con-inner\">\n\t\t\t\t<div class=\"elementor-element elementor-element-8048803 elementor-widget elementor-widget-heading\" data-id=\"8048803\" data-element_type=\"widget\" data-e-type=\"widget\" data-widget_type=\"heading.default\">\n\t\t\t\t<div class=\"elementor-widget-container\">\n\t\t\t\t\t<h4 class=\"elementor-heading-title elementor-size-default\">Recursos, Consells i Reflexions per al Creixement Personal i Professional<\/h4>\t\t\t\t<\/div>\n\t\t\t\t<\/div>\n\t\t\t\t<div class=\"elementor-element elementor-element-07f59a4 elementor-widget elementor-widget-heading\" data-id=\"07f59a4\" data-element_type=\"widget\" data-e-type=\"widget\" data-widget_type=\"heading.default\">\n\t\t\t\t<div class=\"elementor-widget-container\">\n\t\t\t\t\t<h1 class=\"elementor-heading-title elementor-size-default\">Explora el Blog de Coaching i Mindfulness<\/h1>\t\t\t\t<\/div>\n\t\t\t\t<\/div>\n\t\t\t\t\t<\/div>\n\t\t\t\t<\/div>\n\t\t\t\t\t<\/div>\n\t\t\t\t<\/div>\n\t\t<div class=\"elementor-element elementor-element-cfc320a e-flex e-con-boxed elementor-invisible e-con e-parent\" data-id=\"cfc320a\" data-element_type=\"container\" data-e-type=\"container\" data-settings=\"{&quot;animation&quot;:&quot;fadeIn&quot;}\">\n\t\t\t\t\t<div class=\"e-con-inner\">\n\t\t\t\t<div class=\"elementor-element elementor-element-b4837dc elementor-widget elementor-widget-text-editor\" data-id=\"b4837dc\" data-element_type=\"widget\" data-e-type=\"widget\" data-widget_type=\"text-editor.default\">\n\t\t\t\t<div class=\"elementor-widget-container\">\n\t\t\t\t\t\t\t\t\t<p>En aquest bloc trobar\u00e0s articles que comprenen temes clau com el coaching, el mindfulness, la gesti\u00f3 emocional i el desenvolupament d&#039;habilitats. Cada publicaci\u00f3 est\u00e0 dissenyada per oferir eines i reflexions \u00fatils en el teu proc\u00e9s de transformaci\u00f3 personal o empresarial. Inspira&#039;t i descobreix noves perspectives per assolir el teu m\u00e0xim potencial!<\/p>\t\t\t\t\t\t\t\t<\/div>\n\t\t\t\t<\/div>\n\t\t\t\t<div class=\"elementor-element elementor-element-5dfd68a elementor-grid-3 elementor-grid-tablet-2 elementor-grid-mobile-1 elementor-posts--thumbnail-top elementor-card-shadow-yes elementor-posts__hover-gradient elementor-widget elementor-widget-posts\" data-id=\"5dfd68a\" data-element_type=\"widget\" data-e-type=\"widget\" data-settings=\"{&quot;pagination_type&quot;:&quot;numbers_and_prev_next&quot;,&quot;cards_columns&quot;:&quot;3&quot;,&quot;cards_columns_tablet&quot;:&quot;2&quot;,&quot;cards_columns_mobile&quot;:&quot;1&quot;,&quot;cards_row_gap&quot;:{&quot;unit&quot;:&quot;px&quot;,&quot;size&quot;:35,&quot;sizes&quot;:[]},&quot;cards_row_gap_tablet&quot;:{&quot;unit&quot;:&quot;px&quot;,&quot;size&quot;:&quot;&quot;,&quot;sizes&quot;:[]},&quot;cards_row_gap_mobile&quot;:{&quot;unit&quot;:&quot;px&quot;,&quot;size&quot;:&quot;&quot;,&quot;sizes&quot;:[]}}\" data-widget_type=\"posts.cards\">\n\t\t\t\t<div class=\"elementor-widget-container\">\n\t\t\t\t\t\t\t<div class=\"elementor-posts-container elementor-posts elementor-posts--skin-cards elementor-grid\">\n\t\t\t\t<article class=\"elementor-post elementor-grid-item post-1579 post type-post status-publish format-standard has-post-thumbnail hentry category-uncategorized\">\n\t\t\t<div class=\"elementor-post__card\">\n\t\t\t\t<a class=\"elementor-post__thumbnail__link\" href=\"https:\/\/barbaragiraco.com\/ca\/mindfulness-a-la-feina\/\" tabindex=\"-1\" ><div class=\"elementor-post__thumbnail\"><img fetchpriority=\"high\" decoding=\"async\" width=\"1920\" height=\"1080\" src=\"https:\/\/barbaragiraco.com\/wp-content\/uploads\/2024\/11\/9.jpg\" class=\"attachment-full size-full wp-image-1539\" alt=\"\" srcset=\"https:\/\/barbaragiraco.com\/wp-content\/uploads\/2024\/11\/9.jpg 1920w, https:\/\/barbaragiraco.com\/wp-content\/uploads\/2024\/11\/9-300x169.jpg 300w, https:\/\/barbaragiraco.com\/wp-content\/uploads\/2024\/11\/9-1024x576.jpg 1024w, https:\/\/barbaragiraco.com\/wp-content\/uploads\/2024\/11\/9-768x432.jpg 768w, https:\/\/barbaragiraco.com\/wp-content\/uploads\/2024\/11\/9-1536x864.jpg 1536w\" sizes=\"(max-width: 1920px) 100vw, 1920px\" \/><\/div><\/a>\n\t\t\t\t<div class=\"elementor-post__text\">\n\t\t\t\t<h3 class=\"elementor-post__title\">\n\t\t\t<a href=\"https:\/\/barbaragiraco.com\/ca\/mindfulness-a-la-feina\/\" >\n\t\t\t\tMindfulness al Treball: Estrat\u00e8gies per Reduir l&#039;Estr\u00e8s Diari\t\t\t<\/a>\n\t\t<\/h3>\n\t\t\t\t<div class=\"elementor-post__excerpt\">\n\t\t\t<p>L&#039;estr\u00e8s laboral \u00e9s un dels principals reptes que enfronten els professionals actualment. Amb les demandes constants, les pressions de temps i les llargues hores de treball,<\/p>\n\t\t<\/div>\n\t\t\n\t\t<a class=\"elementor-post__read-more\" href=\"https:\/\/barbaragiraco.com\/ca\/mindfulness-a-la-feina\/\" aria-label=\"Read more about Mindfulness en el Trabajo: Estrategias para Reducir el Estr\u00e9s Diario\" tabindex=\"-1\" >\n\t\t\tLlegir m\u00e9s \u00bb\t\t<\/a>\n\n\t\t\t\t<\/div>\n\t\t\t\t<div class=\"elementor-post__meta-data\">\n\t\t\t\t\t<span class=\"elementor-post-date\">\n\t\t\t07\/11\/2024\t\t<\/span>\n\t\t\t\t<\/div>\n\t\t\t\t\t<\/div>\n\t\t<\/article>\n\t\t\t\t<article class=\"elementor-post elementor-grid-item post-1576 post type-post status-publish format-standard has-post-thumbnail hentry category-uncategorized\">\n\t\t\t<div class=\"elementor-post__card\">\n\t\t\t\t<a class=\"elementor-post__thumbnail__link\" href=\"https:\/\/barbaragiraco.com\/ca\/coaching-sistemic\/\" tabindex=\"-1\" ><div class=\"elementor-post__thumbnail\"><img decoding=\"async\" width=\"1920\" height=\"1080\" src=\"https:\/\/barbaragiraco.com\/wp-content\/uploads\/2024\/10\/1.png\" class=\"attachment-full size-full wp-image-1378\" alt=\"\" srcset=\"https:\/\/barbaragiraco.com\/wp-content\/uploads\/2024\/10\/1.png 1920w, https:\/\/barbaragiraco.com\/wp-content\/uploads\/2024\/10\/1-300x169.png 300w, https:\/\/barbaragiraco.com\/wp-content\/uploads\/2024\/10\/1-1024x576.png 1024w, https:\/\/barbaragiraco.com\/wp-content\/uploads\/2024\/10\/1-768x432.png 768w, https:\/\/barbaragiraco.com\/wp-content\/uploads\/2024\/10\/1-1536x864.png 1536w\" sizes=\"(max-width: 1920px) 100vw, 1920px\" \/><\/div><\/a>\n\t\t\t\t<div class=\"elementor-post__text\">\n\t\t\t\t<h3 class=\"elementor-post__title\">\n\t\t\t<a href=\"https:\/\/barbaragiraco.com\/ca\/coaching-sistemic\/\" >\n\t\t\t\tCom el Coaching Sist\u00e8mic pot transformar la cultura duna empresa\t\t\t<\/a>\n\t\t<\/h3>\n\t\t\t\t<div class=\"elementor-post__excerpt\">\n\t\t\t<p>Al m\u00f3n empresarial actual, l&#039;\u00e8xit d&#039;una organitzaci\u00f3 no nom\u00e9s dep\u00e8n de les seves estrat\u00e8gies o recursos, sin\u00f3 tamb\u00e9 de la cultura que construeix al seu entorn laboral. La<\/p>\n\t\t<\/div>\n\t\t\n\t\t<a class=\"elementor-post__read-more\" href=\"https:\/\/barbaragiraco.com\/ca\/coaching-sistemic\/\" aria-label=\"Read more about C\u00f3mo el Coaching Sist\u00e9mico puede transformar la cultura de una empresa\" tabindex=\"-1\" >\n\t\t\tLlegir m\u00e9s \u00bb\t\t<\/a>\n\n\t\t\t\t<\/div>\n\t\t\t\t<div class=\"elementor-post__meta-data\">\n\t\t\t\t\t<span class=\"elementor-post-date\">\n\t\t\t07\/11\/2024\t\t<\/span>\n\t\t\t\t<\/div>\n\t\t\t\t\t<\/div>\n\t\t<\/article>\n\t\t\t\t<\/div>\n\t\t\n\t\t\t\t\t\t<\/div>\n\t\t\t\t<\/div>\n\t\t\t\t\t<\/div>\n\t\t\t\t<\/div>\n\t\t\t\t<\/div>","protected":false},"excerpt":{"rendered":"<p>Recursos, Consejos y Reflexiones para el Crecimiento Personal y Profesional Explora el Blog de Coaching y Mindfulness En este blog encontrar\u00e1s art\u00edculos que abarcan temas clave como el coaching, el mindfulness, la gesti\u00f3n emocional y el desarrollo de habilidades. Cada publicaci\u00f3n est\u00e1 dise\u00f1ada para ofrecerte herramientas y reflexiones \u00fatiles en tu proceso de transformaci\u00f3n personal [&hellip;]<\/p>","protected":false},"author":1,"featured_media":0,"parent":0,"menu_order":0,"comment_status":"closed","ping_status":"closed","template":"","meta":{"_uag_custom_page_level_css":"","site-sidebar-layout":"no-sidebar","site-content-layout":"page-builder","ast-site-content-layout":"full-width-container","site-content-style":"default","site-sidebar-style":"default","ast-global-header-display":"","ast-banner-title-visibility":"","ast-main-header-display":"","ast-hfb-above-header-display":"","ast-hfb-below-header-display":"","ast-hfb-mobile-header-display":"","site-post-title":"disabled","ast-breadcrumbs-content":"","ast-featured-img":"disabled","footer-sml-layout":"","ast-disable-related-posts":"","theme-transparent-header-meta":"","adv-header-id-meta":"","stick-header-meta":"","header-above-stick-meta":"","header-main-stick-meta":"","header-below-stick-meta":"","astra-migrate-meta-layouts":"set","ast-page-background-enabled":"default","ast-page-background-meta":{"desktop":{"background-color":"var(--ast-global-color-4)","background-image":"","background-repeat":"repeat","background-position":"center center","background-size":"auto","background-attachment":"scroll","background-type":"","background-media":"","overlay-type":"","overlay-color":"","overlay-opacity":"","overlay-gradient":""},"tablet":{"background-color":"","background-image":"","background-repeat":"repeat","background-position":"center center","background-size":"auto","background-attachment":"scroll","background-type":"","background-media":"","overlay-type":"","overlay-color":"","overlay-opacity":"","overlay-gradient":""},"mobile":{"background-color":"","background-image":"","background-repeat":"repeat","background-position":"center center","background-size":"auto","background-attachment":"scroll","background-type":"","background-media":"","overlay-type":"","overlay-color":"","overlay-opacity":"","overlay-gradient":""}},"ast-content-background-meta":{"desktop":{"background-color":"var(--ast-global-color-5)","background-image":"","background-repeat":"repeat","background-position":"center center","background-size":"auto","background-attachment":"scroll","background-type":"","background-media":"","overlay-type":"","overlay-color":"","overlay-opacity":"","overlay-gradient":""},"tablet":{"background-color":"var(--ast-global-color-5)","background-image":"","background-repeat":"repeat","background-position":"center center","background-size":"auto","background-attachment":"scroll","background-type":"","background-media":"","overlay-type":"","overlay-color":"","overlay-opacity":"","overlay-gradient":""},"mobile":{"background-color":"var(--ast-global-color-5)","background-image":"","background-repeat":"repeat","background-position":"center center","background-size":"auto","background-attachment":"scroll","background-type":"","background-media":"","overlay-type":"","overlay-color":"","overlay-opacity":"","overlay-gradient":""}},"footnotes":""},"class_list":["post-1555","page","type-page","status-publish","hentry"],"uagb_featured_image_src":{"full":false,"thumbnail":false,"medium":false,"medium_large":false,"large":false,"1536x1536":false,"2048x2048":false,"trp-custom-language-flag":false},"uagb_author_info":{"display_name":"info@articagency.com","author_link":"https:\/\/barbaragiraco.com\/ca\/author\/infoarticagency-com\/"},"uagb_comment_info":0,"uagb_excerpt":"Recursos, Consejos y Reflexiones para el Crecimiento Personal y Profesional Explora el Blog de Coaching y Mindfulness En este blog encontrar\u00e1s art\u00edculos que abarcan temas clave como el coaching, el mindfulness, la gesti\u00f3n emocional y el desarrollo de habilidades. Cada publicaci\u00f3n est\u00e1 dise\u00f1ada para ofrecerte herramientas y reflexiones \u00fatiles en tu proceso de transformaci\u00f3n personal&hellip;","_links":{"self":[{"href":"https:\/\/barbaragiraco.com\/ca\/wp-json\/wp\/v2\/pages\/1555","targetHints":{"allow":["GET"]}}],"collection":[{"href":"https:\/\/barbaragiraco.com\/ca\/wp-json\/wp\/v2\/pages"}],"about":[{"href":"https:\/\/barbaragiraco.com\/ca\/wp-json\/wp\/v2\/types\/page"}],"author":[{"embeddable":true,"href":"https:\/\/barbaragiraco.com\/ca\/wp-json\/wp\/v2\/users\/1"}],"replies":[{"embeddable":true,"href":"https:\/\/barbaragiraco.com\/ca\/wp-json\/wp\/v2\/comments?post=1555"}],"version-history":[{"count":5,"href":"https:\/\/barbaragiraco.com\/ca\/wp-json\/wp\/v2\/pages\/1555\/revisions"}],"predecessor-version":[{"id":1625,"href":"https:\/\/barbaragiraco.com\/ca\/wp-json\/wp\/v2\/pages\/1555\/revisions\/1625"}],"wp:attachment":[{"href":"https:\/\/barbaragiraco.com\/ca\/wp-json\/wp\/v2\/media?parent=1555"}],"curies":[{"name":"wp","href":"https:\/\/api.w.org\/{rel}","templated":true}]}}