{"id":11,"date":"2024-10-14T10:31:33","date_gmt":"2024-10-14T08:31:33","guid":{"rendered":"https:\/\/barbaragiraco.com\/services\/"},"modified":"2024-11-07T08:48:07","modified_gmt":"2024-11-07T06:48:07","slug":"serveis-de-coaching","status":"publish","type":"page","link":"https:\/\/barbaragiraco.com\/ca\/serveis-de-coaching\/","title":{"rendered":"Serveis"},"content":{"rendered":"<div data-elementor-type=\"wp-page\" data-elementor-id=\"11\" class=\"elementor elementor-11\" data-elementor-post-type=\"page\">\n\t\t\t\t<div class=\"elementor-element elementor-element-33bf44c e-flex e-con-boxed e-con e-parent\" data-id=\"33bf44c\" data-element_type=\"container\" data-e-type=\"container\">\n\t\t\t\t\t<div class=\"e-con-inner\">\n\t\t<div class=\"elementor-element elementor-element-955f6aa e-flex e-con-boxed e-con e-child\" data-id=\"955f6aa\" data-element_type=\"container\" data-e-type=\"container\" data-settings=\"{&quot;background_background&quot;:&quot;classic&quot;}\">\n\t\t\t\t\t<div class=\"e-con-inner\">\n\t\t\t\t<div class=\"elementor-element elementor-element-6bf73d9 elementor-widget elementor-widget-heading\" data-id=\"6bf73d9\" data-element_type=\"widget\" data-e-type=\"widget\" data-widget_type=\"heading.default\">\n\t\t\t\t<div class=\"elementor-widget-container\">\n\t\t\t\t\t<h4 class=\"elementor-heading-title elementor-size-default\">Acompanyament en Processos de Canvi per a Empreses i Particulars<\/h4>\t\t\t\t<\/div>\n\t\t\t\t<\/div>\n\t\t\t\t<div class=\"elementor-element elementor-element-74d6a31 elementor-widget elementor-widget-heading\" data-id=\"74d6a31\" data-element_type=\"widget\" data-e-type=\"widget\" data-widget_type=\"heading.default\">\n\t\t\t\t<div class=\"elementor-widget-container\">\n\t\t\t\t\t<h1 class=\"elementor-heading-title elementor-size-default\">Serveis de Coaching i Desenvolupament Personal i Professional<\/h1>\t\t\t\t<\/div>\n\t\t\t\t<\/div>\n\t\t\t\t\t<\/div>\n\t\t\t\t<\/div>\n\t\t\t\t\t<\/div>\n\t\t\t\t<\/div>\n\t\t<div class=\"elementor-element elementor-element-8756b63 e-flex e-con-boxed elementor-invisible e-con e-parent\" data-id=\"8756b63\" data-element_type=\"container\" data-e-type=\"container\" data-settings=\"{&quot;animation&quot;:&quot;fadeIn&quot;}\">\n\t\t\t\t\t<div class=\"e-con-inner\">\n\t\t\t\t<div class=\"elementor-element elementor-element-8d53069 elementor-widget elementor-widget-text-editor\" data-id=\"8d53069\" data-element_type=\"widget\" data-e-type=\"widget\" data-widget_type=\"text-editor.default\">\n\t\t\t\t<div class=\"elementor-widget-container\">\n\t\t\t\t\t\t\t\t\t<p>Exploro i treballo diferents aspectes del desenvolupament personal i professional a trav\u00e9s dels meus serveis de coaching. Els meus serveis estan dissenyats per adaptar-se a les necessitats d&#039;empreses i de particulars, des de l&#039;optimitzaci\u00f3 del talent fins a la gesti\u00f3 emocional en moments de canvi. Amb el meu enfocament al <strong>coaching sist\u00e8mic<\/strong>, ofereixo acompanyament integral per a aquells que busquen una transformaci\u00f3 a la seva vida oa la seva organitzaci\u00f3.<\/p>\t\t\t\t\t\t\t\t<\/div>\n\t\t\t\t<\/div>\n\t\t\t\t\t<\/div>\n\t\t\t\t<\/div>\n\t\t<div class=\"elementor-element elementor-element-e326bd3 e-flex e-con-boxed elementor-invisible e-con e-parent\" data-id=\"e326bd3\" data-element_type=\"container\" data-e-type=\"container\" data-settings=\"{&quot;animation&quot;:&quot;fadeIn&quot;}\">\n\t\t\t\t\t<div class=\"e-con-inner\">\n\t\t<div class=\"elementor-element elementor-element-a022e7f e-flex e-con-boxed e-con e-child\" data-id=\"a022e7f\" data-element_type=\"container\" data-e-type=\"container\" data-settings=\"{&quot;background_background&quot;:&quot;classic&quot;}\">\n\t\t\t\t\t<div class=\"e-con-inner\">\n\t\t<div class=\"elementor-element elementor-element-14c3c25 e-con-full e-flex e-con e-child\" data-id=\"14c3c25\" data-element_type=\"container\" data-e-type=\"container\">\n\t\t\t\t<div class=\"elementor-element elementor-element-5e424c6 elementor-widget elementor-widget-image\" data-id=\"5e424c6\" data-element_type=\"widget\" data-e-type=\"widget\" data-widget_type=\"image.default\">\n\t\t\t\t<div class=\"elementor-widget-container\">\n\t\t\t\t\t\t\t\t\t\t\t\t\t\t\t<img fetchpriority=\"high\" decoding=\"async\" width=\"1024\" height=\"576\" src=\"https:\/\/barbaragiraco.com\/wp-content\/uploads\/2024\/11\/11-1024x576.jpg\" class=\"attachment-large size-large wp-image-1537\" alt=\"Serveis de Coaching\" srcset=\"https:\/\/barbaragiraco.com\/wp-content\/uploads\/2024\/11\/11-1024x576.jpg 1024w, https:\/\/barbaragiraco.com\/wp-content\/uploads\/2024\/11\/11-300x169.jpg 300w, https:\/\/barbaragiraco.com\/wp-content\/uploads\/2024\/11\/11-768x432.jpg 768w, https:\/\/barbaragiraco.com\/wp-content\/uploads\/2024\/11\/11-1536x864.jpg 1536w, https:\/\/barbaragiraco.com\/wp-content\/uploads\/2024\/11\/11.jpg 1920w\" sizes=\"(max-width: 1024px) 100vw, 1024px\" \/>\t\t\t\t\t\t\t\t\t\t\t\t\t\t\t<\/div>\n\t\t\t\t<\/div>\n\t\t\t\t<\/div>\n\t\t<div class=\"elementor-element elementor-element-7bb21ad e-con-full e-flex e-con e-child\" data-id=\"7bb21ad\" data-element_type=\"container\" data-e-type=\"container\">\n\t\t\t\t<div class=\"elementor-element elementor-element-18408fd elementor-widget elementor-widget-heading\" data-id=\"18408fd\" data-element_type=\"widget\" data-e-type=\"widget\" data-widget_type=\"heading.default\">\n\t\t\t\t<div class=\"elementor-widget-container\">\n\t\t\t\t\t<h6 class=\"elementor-heading-title elementor-size-default\">01<\/h6>\t\t\t\t<\/div>\n\t\t\t\t<\/div>\n\t\t\t\t<div class=\"elementor-element elementor-element-6ea1231 elementor-widget elementor-widget-heading\" data-id=\"6ea1231\" data-element_type=\"widget\" data-e-type=\"widget\" data-widget_type=\"heading.default\">\n\t\t\t\t<div class=\"elementor-widget-container\">\n\t\t\t\t\t<h3 class=\"elementor-heading-title elementor-size-default\">Coaching per a Empreses\n\n<\/h3>\t\t\t\t<\/div>\n\t\t\t\t<\/div>\n\t\t\t\t<div class=\"elementor-element elementor-element-c1f85d6 elementor-widget-divider--view-line elementor-widget elementor-widget-divider\" data-id=\"c1f85d6\" data-element_type=\"widget\" data-e-type=\"widget\" data-widget_type=\"divider.default\">\n\t\t\t\t<div class=\"elementor-widget-container\">\n\t\t\t\t\t\t\t<div class=\"elementor-divider\">\n\t\t\t<span class=\"elementor-divider-separator\">\n\t\t\t\t\t\t<\/span>\n\t\t<\/div>\n\t\t\t\t\t\t<\/div>\n\t\t\t\t<\/div>\n\t\t\t\t<div class=\"elementor-element elementor-element-3a7c2c9 elementor-widget elementor-widget-text-editor\" data-id=\"3a7c2c9\" data-element_type=\"widget\" data-e-type=\"widget\" data-widget_type=\"text-editor.default\">\n\t\t\t\t<div class=\"elementor-widget-container\">\n\t\t\t\t\t\t\t\t\t<p>Com a producte estrella, el coaching per a empreses se centra a potenciar el desenvolupament del talent, millorar la comunicaci\u00f3, i optimitzar el rendiment en equips de treball. A trav\u00e9s del <strong>Executive Coaching<\/strong>, treball amb l\u00edders i els seus equips per superar conflictes i gestionar el canvi a l&#039;entorn laboral.<\/p>\t\t\t\t\t\t\t\t<\/div>\n\t\t\t\t<\/div>\n\t\t\t\t<\/div>\n\t\t\t\t\t<\/div>\n\t\t\t\t<\/div>\n\t\t\t\t\t<\/div>\n\t\t\t\t<\/div>\n\t\t<div class=\"elementor-element elementor-element-377a927 e-flex e-con-boxed elementor-invisible e-con e-parent\" data-id=\"377a927\" data-element_type=\"container\" data-e-type=\"container\" data-settings=\"{&quot;animation&quot;:&quot;fadeIn&quot;}\">\n\t\t\t\t\t<div class=\"e-con-inner\">\n\t\t<div class=\"elementor-element elementor-element-5114a89 e-flex e-con-boxed e-con e-child\" data-id=\"5114a89\" data-element_type=\"container\" data-e-type=\"container\" data-settings=\"{&quot;background_background&quot;:&quot;classic&quot;}\">\n\t\t\t\t\t<div class=\"e-con-inner\">\n\t\t<div class=\"elementor-element elementor-element-5948d52 e-con-full e-flex e-con e-child\" data-id=\"5948d52\" data-element_type=\"container\" data-e-type=\"container\">\n\t\t\t\t<div class=\"elementor-element elementor-element-cbf4732 elementor-widget elementor-widget-heading\" data-id=\"cbf4732\" data-element_type=\"widget\" data-e-type=\"widget\" data-widget_type=\"heading.default\">\n\t\t\t\t<div class=\"elementor-widget-container\">\n\t\t\t\t\t<h6 class=\"elementor-heading-title elementor-size-default\">02<\/h6>\t\t\t\t<\/div>\n\t\t\t\t<\/div>\n\t\t\t\t<div class=\"elementor-element elementor-element-1a792d1 elementor-widget elementor-widget-heading\" data-id=\"1a792d1\" data-element_type=\"widget\" data-e-type=\"widget\" data-widget_type=\"heading.default\">\n\t\t\t\t<div class=\"elementor-widget-container\">\n\t\t\t\t\t<h3 class=\"elementor-heading-title elementor-size-default\">Mindfulness<\/h3>\t\t\t\t<\/div>\n\t\t\t\t<\/div>\n\t\t\t\t<div class=\"elementor-element elementor-element-1b569f9 elementor-widget-divider--view-line elementor-widget elementor-widget-divider\" data-id=\"1b569f9\" data-element_type=\"widget\" data-e-type=\"widget\" data-widget_type=\"divider.default\">\n\t\t\t\t<div class=\"elementor-widget-container\">\n\t\t\t\t\t\t\t<div class=\"elementor-divider\">\n\t\t\t<span class=\"elementor-divider-separator\">\n\t\t\t\t\t\t<\/span>\n\t\t<\/div>\n\t\t\t\t\t\t<\/div>\n\t\t\t\t<\/div>\n\t\t\t\t<div class=\"elementor-element elementor-element-1d5601c elementor-widget elementor-widget-text-editor\" data-id=\"1d5601c\" data-element_type=\"widget\" data-e-type=\"widget\" data-widget_type=\"text-editor.default\">\n\t\t\t\t<div class=\"elementor-widget-container\">\n\t\t\t\t\t\t\t\t\t<p>Les sessions de mindfulness estan orientades a gestionar l&#039;estr\u00e8s i assolir un benestar emocional constant. Ofereixo sessions de mindfulness tant en l\u00ednia com presencials, dissenyades per als que busquen una major serenitat i equilibri en el seu dia a dia. Aquest servei est\u00e0 obert tant per a empreses com per a particulars.<\/p>\t\t\t\t\t\t\t\t<\/div>\n\t\t\t\t<\/div>\n\t\t\t\t<\/div>\n\t\t<div class=\"elementor-element elementor-element-c9cf2d5 e-con-full e-flex e-con e-child\" data-id=\"c9cf2d5\" data-element_type=\"container\" data-e-type=\"container\">\n\t\t\t\t<div class=\"elementor-element elementor-element-06a4393 elementor-widget elementor-widget-image\" data-id=\"06a4393\" data-element_type=\"widget\" data-e-type=\"widget\" data-widget_type=\"image.default\">\n\t\t\t\t<div class=\"elementor-widget-container\">\n\t\t\t\t\t\t\t\t\t\t\t\t\t\t\t<img decoding=\"async\" width=\"1024\" height=\"576\" src=\"https:\/\/barbaragiraco.com\/wp-content\/uploads\/2024\/11\/8-1024x576.jpg\" class=\"attachment-large size-large wp-image-1538\" alt=\"\" srcset=\"https:\/\/barbaragiraco.com\/wp-content\/uploads\/2024\/11\/8-1024x576.jpg 1024w, https:\/\/barbaragiraco.com\/wp-content\/uploads\/2024\/11\/8-300x169.jpg 300w, https:\/\/barbaragiraco.com\/wp-content\/uploads\/2024\/11\/8-768x432.jpg 768w, https:\/\/barbaragiraco.com\/wp-content\/uploads\/2024\/11\/8-1536x864.jpg 1536w, https:\/\/barbaragiraco.com\/wp-content\/uploads\/2024\/11\/8.jpg 1920w\" sizes=\"(max-width: 1024px) 100vw, 1024px\" \/>\t\t\t\t\t\t\t\t\t\t\t\t\t\t\t<\/div>\n\t\t\t\t<\/div>\n\t\t\t\t<\/div>\n\t\t\t\t\t<\/div>\n\t\t\t\t<\/div>\n\t\t\t\t\t<\/div>\n\t\t\t\t<\/div>\n\t\t<div class=\"elementor-element elementor-element-7aca903 e-flex e-con-boxed elementor-invisible e-con e-parent\" data-id=\"7aca903\" data-element_type=\"container\" data-e-type=\"container\" data-settings=\"{&quot;animation&quot;:&quot;fadeIn&quot;}\">\n\t\t\t\t\t<div class=\"e-con-inner\">\n\t\t<div class=\"elementor-element elementor-element-f36f119 e-flex e-con-boxed e-con e-child\" data-id=\"f36f119\" data-element_type=\"container\" data-e-type=\"container\" data-settings=\"{&quot;background_background&quot;:&quot;classic&quot;}\">\n\t\t\t\t\t<div class=\"e-con-inner\">\n\t\t<div class=\"elementor-element elementor-element-3d0d836 e-con-full e-flex e-con e-child\" data-id=\"3d0d836\" data-element_type=\"container\" data-e-type=\"container\">\n\t\t\t\t<div class=\"elementor-element elementor-element-0c9b038 elementor-widget elementor-widget-image\" data-id=\"0c9b038\" data-element_type=\"widget\" data-e-type=\"widget\" data-widget_type=\"image.default\">\n\t\t\t\t<div class=\"elementor-widget-container\">\n\t\t\t\t\t\t\t\t\t\t\t\t\t\t\t<img decoding=\"async\" width=\"1024\" height=\"576\" src=\"https:\/\/barbaragiraco.com\/wp-content\/uploads\/2024\/11\/9-1024x576.jpg\" class=\"attachment-large size-large wp-image-1539\" alt=\"\" srcset=\"https:\/\/barbaragiraco.com\/wp-content\/uploads\/2024\/11\/9-1024x576.jpg 1024w, https:\/\/barbaragiraco.com\/wp-content\/uploads\/2024\/11\/9-300x169.jpg 300w, https:\/\/barbaragiraco.com\/wp-content\/uploads\/2024\/11\/9-768x432.jpg 768w, https:\/\/barbaragiraco.com\/wp-content\/uploads\/2024\/11\/9-1536x864.jpg 1536w, https:\/\/barbaragiraco.com\/wp-content\/uploads\/2024\/11\/9.jpg 1920w\" sizes=\"(max-width: 1024px) 100vw, 1024px\" \/>\t\t\t\t\t\t\t\t\t\t\t\t\t\t\t<\/div>\n\t\t\t\t<\/div>\n\t\t\t\t<\/div>\n\t\t<div class=\"elementor-element elementor-element-b45d010 e-con-full e-flex e-con e-child\" data-id=\"b45d010\" data-element_type=\"container\" data-e-type=\"container\">\n\t\t\t\t<div class=\"elementor-element elementor-element-70b2619 elementor-widget elementor-widget-heading\" data-id=\"70b2619\" data-element_type=\"widget\" data-e-type=\"widget\" data-widget_type=\"heading.default\">\n\t\t\t\t<div class=\"elementor-widget-container\">\n\t\t\t\t\t<h6 class=\"elementor-heading-title elementor-size-default\">03<\/h6>\t\t\t\t<\/div>\n\t\t\t\t<\/div>\n\t\t\t\t<div class=\"elementor-element elementor-element-8028548 elementor-widget elementor-widget-heading\" data-id=\"8028548\" data-element_type=\"widget\" data-e-type=\"widget\" data-widget_type=\"heading.default\">\n\t\t\t\t<div class=\"elementor-widget-container\">\n\t\t\t\t\t<h3 class=\"elementor-heading-title elementor-size-default\">Acompanyament en Processos de Canvi i P\u00e8rdua\n\n<\/h3>\t\t\t\t<\/div>\n\t\t\t\t<\/div>\n\t\t\t\t<div class=\"elementor-element elementor-element-1f9c73d elementor-widget-divider--view-line elementor-widget elementor-widget-divider\" data-id=\"1f9c73d\" data-element_type=\"widget\" data-e-type=\"widget\" data-widget_type=\"divider.default\">\n\t\t\t\t<div class=\"elementor-widget-container\">\n\t\t\t\t\t\t\t<div class=\"elementor-divider\">\n\t\t\t<span class=\"elementor-divider-separator\">\n\t\t\t\t\t\t<\/span>\n\t\t<\/div>\n\t\t\t\t\t\t<\/div>\n\t\t\t\t<\/div>\n\t\t\t\t<div class=\"elementor-element elementor-element-5417b7c elementor-widget elementor-widget-text-editor\" data-id=\"5417b7c\" data-element_type=\"widget\" data-e-type=\"widget\" data-widget_type=\"text-editor.default\">\n\t\t\t\t<div class=\"elementor-widget-container\">\n\t\t\t\t\t\t\t\t\t<p>Aquest servei se centra en el suport emocional durant moments dif\u00edcils, com ara canvis personals significatius o processos de p\u00e8rdua. Ofereixo un espai segur i comprensiu on es treballa el proc\u00e9s d&#039;adaptaci\u00f3, brindant eines per fer front al canvi amb resili\u00e8ncia i claredat.<\/p>\t\t\t\t\t\t\t\t<\/div>\n\t\t\t\t<\/div>\n\t\t\t\t<\/div>\n\t\t\t\t\t<\/div>\n\t\t\t\t<\/div>\n\t\t\t\t\t<\/div>\n\t\t\t\t<\/div>\n\t\t<div class=\"elementor-element elementor-element-24d4505 e-flex e-con-boxed elementor-invisible e-con e-parent\" data-id=\"24d4505\" data-element_type=\"container\" data-e-type=\"container\" data-settings=\"{&quot;animation&quot;:&quot;fadeIn&quot;}\">\n\t\t\t\t\t<div class=\"e-con-inner\">\n\t\t<div class=\"elementor-element elementor-element-80a6115 e-flex e-con-boxed e-con e-child\" data-id=\"80a6115\" data-element_type=\"container\" data-e-type=\"container\" data-settings=\"{&quot;background_background&quot;:&quot;classic&quot;}\">\n\t\t\t\t\t<div class=\"e-con-inner\">\n\t\t<div class=\"elementor-element elementor-element-cb753ad e-con-full e-flex e-con e-child\" data-id=\"cb753ad\" data-element_type=\"container\" data-e-type=\"container\">\n\t\t\t\t<div class=\"elementor-element elementor-element-669eb65 elementor-widget elementor-widget-heading\" data-id=\"669eb65\" data-element_type=\"widget\" data-e-type=\"widget\" data-widget_type=\"heading.default\">\n\t\t\t\t<div class=\"elementor-widget-container\">\n\t\t\t\t\t<h6 class=\"elementor-heading-title elementor-size-default\">04<\/h6>\t\t\t\t<\/div>\n\t\t\t\t<\/div>\n\t\t\t\t<div class=\"elementor-element elementor-element-03b9075 elementor-widget elementor-widget-heading\" data-id=\"03b9075\" data-element_type=\"widget\" data-e-type=\"widget\" data-widget_type=\"heading.default\">\n\t\t\t\t<div class=\"elementor-widget-container\">\n\t\t\t\t\t<h3 class=\"elementor-heading-title elementor-size-default\">Desenvolupament d&#039;habilitats de comunicaci\u00f3\n\n<\/h3>\t\t\t\t<\/div>\n\t\t\t\t<\/div>\n\t\t\t\t<div class=\"elementor-element elementor-element-e26c230 elementor-widget-divider--view-line elementor-widget elementor-widget-divider\" data-id=\"e26c230\" data-element_type=\"widget\" data-e-type=\"widget\" data-widget_type=\"divider.default\">\n\t\t\t\t<div class=\"elementor-widget-container\">\n\t\t\t\t\t\t\t<div class=\"elementor-divider\">\n\t\t\t<span class=\"elementor-divider-separator\">\n\t\t\t\t\t\t<\/span>\n\t\t<\/div>\n\t\t\t\t\t\t<\/div>\n\t\t\t\t<\/div>\n\t\t\t\t<div class=\"elementor-element elementor-element-5fb32eb elementor-widget elementor-widget-text-editor\" data-id=\"5fb32eb\" data-element_type=\"widget\" data-e-type=\"widget\" data-widget_type=\"text-editor.default\">\n\t\t\t\t<div class=\"elementor-widget-container\">\n\t\t\t\t\t\t\t\t\t<p>Ajudo a millorar les habilitats de comunicaci\u00f3 en entorns empresarials i personals. Aquest servei \u00e9s especialment \u00fatil per a empreses que busquen reduir la conflictivitat i fomentar un entorn de treball m\u00e9s col\u00b7laboratiu i efica\u00e7.<\/p>\t\t\t\t\t\t\t\t<\/div>\n\t\t\t\t<\/div>\n\t\t\t\t<\/div>\n\t\t<div class=\"elementor-element elementor-element-64a4fb8 e-con-full e-flex e-con e-child\" data-id=\"64a4fb8\" data-element_type=\"container\" data-e-type=\"container\">\n\t\t\t\t<div class=\"elementor-element elementor-element-b87d113 elementor-widget elementor-widget-image\" data-id=\"b87d113\" data-element_type=\"widget\" data-e-type=\"widget\" data-widget_type=\"image.default\">\n\t\t\t\t<div class=\"elementor-widget-container\">\n\t\t\t\t\t\t\t\t\t\t\t\t\t\t\t<img loading=\"lazy\" decoding=\"async\" width=\"1024\" height=\"576\" src=\"https:\/\/barbaragiraco.com\/wp-content\/uploads\/2024\/11\/6-1024x576.jpg\" class=\"attachment-large size-large wp-image-1540\" alt=\"\" srcset=\"https:\/\/barbaragiraco.com\/wp-content\/uploads\/2024\/11\/6-1024x576.jpg 1024w, https:\/\/barbaragiraco.com\/wp-content\/uploads\/2024\/11\/6-300x169.jpg 300w, https:\/\/barbaragiraco.com\/wp-content\/uploads\/2024\/11\/6-768x432.jpg 768w, https:\/\/barbaragiraco.com\/wp-content\/uploads\/2024\/11\/6-1536x864.jpg 1536w, https:\/\/barbaragiraco.com\/wp-content\/uploads\/2024\/11\/6.jpg 1920w\" sizes=\"(max-width: 1024px) 100vw, 1024px\" \/>\t\t\t\t\t\t\t\t\t\t\t\t\t\t\t<\/div>\n\t\t\t\t<\/div>\n\t\t\t\t<\/div>\n\t\t\t\t\t<\/div>\n\t\t\t\t<\/div>\n\t\t\t\t\t<\/div>\n\t\t\t\t<\/div>\n\t\t<div class=\"elementor-element elementor-element-28bfd52 e-flex e-con-boxed elementor-invisible e-con e-parent\" data-id=\"28bfd52\" data-element_type=\"container\" data-e-type=\"container\" data-settings=\"{&quot;animation&quot;:&quot;fadeIn&quot;}\">\n\t\t\t\t\t<div class=\"e-con-inner\">\n\t\t<div class=\"elementor-element elementor-element-f822990 e-flex e-con-boxed e-con e-child\" data-id=\"f822990\" data-element_type=\"container\" data-e-type=\"container\" data-settings=\"{&quot;background_background&quot;:&quot;classic&quot;}\">\n\t\t\t\t\t<div class=\"e-con-inner\">\n\t\t<div class=\"elementor-element elementor-element-ff786df e-con-full e-flex e-con e-child\" data-id=\"ff786df\" data-element_type=\"container\" data-e-type=\"container\" data-settings=\"{&quot;background_background&quot;:&quot;classic&quot;}\">\n\t\t\t\t<div class=\"elementor-element elementor-element-20537e3 elementor-widget elementor-widget-heading\" data-id=\"20537e3\" data-element_type=\"widget\" data-e-type=\"widget\" data-widget_type=\"heading.default\">\n\t\t\t\t<div class=\"elementor-widget-container\">\n\t\t\t\t\t<h3 class=\"elementor-heading-title elementor-size-default\">A punt per iniciar un proc\u00e9s de canvi i transformaci\u00f3?<\/h3>\t\t\t\t<\/div>\n\t\t\t\t<\/div>\n\t\t\t\t<div class=\"elementor-element elementor-element-d623106 elementor-widget-divider--view-line elementor-widget elementor-widget-divider\" data-id=\"d623106\" data-element_type=\"widget\" data-e-type=\"widget\" data-widget_type=\"divider.default\">\n\t\t\t\t<div class=\"elementor-widget-container\">\n\t\t\t\t\t\t\t<div class=\"elementor-divider\">\n\t\t\t<span class=\"elementor-divider-separator\">\n\t\t\t\t\t\t<\/span>\n\t\t<\/div>\n\t\t\t\t\t\t<\/div>\n\t\t\t\t<\/div>\n\t\t\t\t<div class=\"elementor-element elementor-element-b95ecdb elementor-widget elementor-widget-text-editor\" data-id=\"b95ecdb\" data-element_type=\"widget\" data-e-type=\"widget\" data-widget_type=\"text-editor.default\">\n\t\t\t\t<div class=\"elementor-widget-container\">\n\t\t\t\t\t\t\t\t\t<p>Ja sigui que busques millorar el rendiment del teu equip, gestionar l&#039;estr\u00e8s o afrontar un moment de canvi, s\u00f3c aqu\u00ed per acompanyar-te. Contacta amb mi i comencem a dissenyar el pla que millor s&#039;adapti a les teves necessitats<\/p>\t\t\t\t\t\t\t\t<\/div>\n\t\t\t\t<\/div>\n\t\t\t\t<div class=\"elementor-element elementor-element-8bc4b65 elementor-align-center elementor-widget elementor-widget-button\" data-id=\"8bc4b65\" data-element_type=\"widget\" data-e-type=\"widget\" data-widget_type=\"button.default\">\n\t\t\t\t<div class=\"elementor-widget-container\">\n\t\t\t\t\t\t\t\t\t<div class=\"elementor-button-wrapper\">\n\t\t\t\t\t<a class=\"elementor-button elementor-button-link elementor-size-sm\" href=\"https:\/\/barbaragiraco.com\/ca\/contacte\/\">\n\t\t\t\t\t\t<span class=\"elementor-button-content-wrapper\">\n\t\t\t\t\t\t\t\t\t<span class=\"elementor-button-text\">Contactar<\/span>\n\t\t\t\t\t<\/span>\n\t\t\t\t\t<\/a>\n\t\t\t\t<\/div>\n\t\t\t\t\t\t\t\t<\/div>\n\t\t\t\t<\/div>\n\t\t\t\t<\/div>\n\t\t\t\t\t<\/div>\n\t\t\t\t<\/div>\n\t\t\t\t\t<\/div>\n\t\t\t\t<\/div>\n\t\t\t\t<\/div>","protected":false},"excerpt":{"rendered":"<p>Acompa\u00f1amiento en Procesos de Cambio para Empresas y Particulares Servicios de Coaching y Desarrollo Personal y Profesional Exploro y trabajo distintos aspectos del desarrollo personal y profesional a trav\u00e9s de mis servicios de coaching. Mis servicios est\u00e1n dise\u00f1ados para adaptarse a las necesidades de empresas y particulares, desde la optimizaci\u00f3n del talento hasta la gesti\u00f3n [&hellip;]<\/p>","protected":false},"author":1,"featured_media":0,"parent":0,"menu_order":0,"comment_status":"closed","ping_status":"closed","template":"","meta":{"_uag_custom_page_level_css":"","site-sidebar-layout":"no-sidebar","site-content-layout":"page-builder","ast-site-content-layout":"full-width-container","site-content-style":"unboxed","site-sidebar-style":"unboxed","ast-global-header-display":"","ast-banner-title-visibility":"disabled","ast-main-header-display":"","ast-hfb-above-header-display":"","ast-hfb-below-header-display":"","ast-hfb-mobile-header-display":"","site-post-title":"disabled","ast-breadcrumbs-content":"","ast-featured-img":"disabled","footer-sml-layout":"","ast-disable-related-posts":"","theme-transparent-header-meta":"enabled","adv-header-id-meta":"","stick-header-meta":"","header-above-stick-meta":"","header-main-stick-meta":"","header-below-stick-meta":"","astra-migrate-meta-layouts":"set","ast-page-background-enabled":"default","ast-page-background-meta":{"desktop":{"background-color":"var(--ast-global-color-4)","background-image":"","background-repeat":"repeat","background-position":"center center","background-size":"auto","background-attachment":"scroll","background-type":"","background-media":"","overlay-type":"","overlay-color":"","overlay-opacity":"","overlay-gradient":""},"tablet":{"background-color":"","background-image":"","background-repeat":"repeat","background-position":"center center","background-size":"auto","background-attachment":"scroll","background-type":"","background-media":"","overlay-type":"","overlay-color":"","overlay-opacity":"","overlay-gradient":""},"mobile":{"background-color":"","background-image":"","background-repeat":"repeat","background-position":"center center","background-size":"auto","background-attachment":"scroll","background-type":"","background-media":"","overlay-type":"","overlay-color":"","overlay-opacity":"","overlay-gradient":""}},"ast-content-background-meta":{"desktop":{"background-color":"var(--ast-global-color-5)","background-image":"","background-repeat":"repeat","background-position":"center center","background-size":"auto","background-attachment":"scroll","background-type":"","background-media":"","overlay-type":"","overlay-color":"","overlay-opacity":"","overlay-gradient":""},"tablet":{"background-color":"var(--ast-global-color-5)","background-image":"","background-repeat":"repeat","background-position":"center center","background-size":"auto","background-attachment":"scroll","background-type":"","background-media":"","overlay-type":"","overlay-color":"","overlay-opacity":"","overlay-gradient":""},"mobile":{"background-color":"var(--ast-global-color-5)","background-image":"","background-repeat":"repeat","background-position":"center center","background-size":"auto","background-attachment":"scroll","background-type":"","background-media":"","overlay-type":"","overlay-color":"","overlay-opacity":"","overlay-gradient":""}},"footnotes":""},"class_list":["post-11","page","type-page","status-publish","hentry"],"uagb_featured_image_src":{"full":false,"thumbnail":false,"medium":false,"medium_large":false,"large":false,"1536x1536":false,"2048x2048":false,"trp-custom-language-flag":false},"uagb_author_info":{"display_name":"info@articagency.com","author_link":"https:\/\/barbaragiraco.com\/ca\/author\/infoarticagency-com\/"},"uagb_comment_info":0,"uagb_excerpt":"Acompa\u00f1amiento en Procesos de Cambio para Empresas y Particulares Servicios de Coaching y Desarrollo Personal y Profesional Exploro y trabajo distintos aspectos del desarrollo personal y profesional a trav\u00e9s de mis servicios de coaching. Mis servicios est\u00e1n dise\u00f1ados para adaptarse a las necesidades de empresas y particulares, desde la optimizaci\u00f3n del talento hasta la gesti\u00f3n&hellip;","_links":{"self":[{"href":"https:\/\/barbaragiraco.com\/ca\/wp-json\/wp\/v2\/pages\/11","targetHints":{"allow":["GET"]}}],"collection":[{"href":"https:\/\/barbaragiraco.com\/ca\/wp-json\/wp\/v2\/pages"}],"about":[{"href":"https:\/\/barbaragiraco.com\/ca\/wp-json\/wp\/v2\/types\/page"}],"author":[{"embeddable":true,"href":"https:\/\/barbaragiraco.com\/ca\/wp-json\/wp\/v2\/users\/1"}],"replies":[{"embeddable":true,"href":"https:\/\/barbaragiraco.com\/ca\/wp-json\/wp\/v2\/comments?post=11"}],"version-history":[{"count":5,"href":"https:\/\/barbaragiraco.com\/ca\/wp-json\/wp\/v2\/pages\/11\/revisions"}],"predecessor-version":[{"id":1650,"href":"https:\/\/barbaragiraco.com\/ca\/wp-json\/wp\/v2\/pages\/11\/revisions\/1650"}],"wp:attachment":[{"href":"https:\/\/barbaragiraco.com\/ca\/wp-json\/wp\/v2\/media?parent=11"}],"curies":[{"name":"wp","href":"https:\/\/api.w.org\/{rel}","templated":true}]}}